{"id":549,"date":"2024-08-22T07:51:27","date_gmt":"2024-08-22T05:51:27","guid":{"rendered":"https:\/\/taksim-pol.wwwclient.pl\/certificates\/"},"modified":"2024-08-29T10:51:13","modified_gmt":"2024-08-29T08:51:13","slug":"certificates","status":"publish","type":"page","link":"https:\/\/taksim-pol.wwwclient.pl\/en\/certificates\/","title":{"rendered":"Certificates"},"content":{"rendered":"<section id=\"c_hero-page\" data-gsap-anim=\"section\">\n    <div class=\"container\">\n        <h1 class=\"c_color--white c_margin--0px\" data-gsap-element=\"heading\">Certyfikaty<\/h1>    <\/div>\n    <img loading=\"lazy\" decoding=\"async\" width=\"1920\" height=\"248\" src=\"https:\/\/taksim-pol.wwwclient.pl\/wp-content\/uploads\/2024\/08\/bg-hero-certyfikaty.png\" class=\"c_hero-page--background\" alt=\"T\u0142o\" srcset=\"https:\/\/taksim-pol.wwwclient.pl\/wp-content\/uploads\/2024\/08\/bg-hero-certyfikaty.png 1920w, https:\/\/taksim-pol.wwwclient.pl\/wp-content\/uploads\/2024\/08\/bg-hero-certyfikaty-300x39.png 300w, https:\/\/taksim-pol.wwwclient.pl\/wp-content\/uploads\/2024\/08\/bg-hero-certyfikaty-1024x132.png 1024w, https:\/\/taksim-pol.wwwclient.pl\/wp-content\/uploads\/2024\/08\/bg-hero-certyfikaty-768x99.png 768w, https:\/\/taksim-pol.wwwclient.pl\/wp-content\/uploads\/2024\/08\/bg-hero-certyfikaty-1536x198.png 1536w, https:\/\/taksim-pol.wwwclient.pl\/wp-content\/uploads\/2024\/08\/bg-hero-certyfikaty-1200x155.png 1200w\" sizes=\"auto, (max-width: 1920px) 100vw, 1920px\" \/><\/section>\n\n\n\n<section id=\"c_certificates\" class=\"c_margin--60px\" data-gsap-anim=\"section\">\n    <div class=\"container\">\n                    <div class=\"c_certificates__text c_center\" data-gsap-element=\"text\">\n                <p>Es&nbsp;un hecho establecido hace demasiado tiempo que un lector se&nbsp;distraer\u00e1 con el&nbsp;contenido del texto de&nbsp;un sitio mientras que mira su&nbsp;dise\u00f1o. El&nbsp;punto de&nbsp;usar Lorem Ipsum es&nbsp;que tiene una distribuci\u00f3n m\u00e1s o&nbsp;menos normal de&nbsp;las letras, al&nbsp;contrario de&nbsp;usar textos como por ejemplo\u00a0<\/p>            <\/div>\n                            <div class=\"c_certificates__list c_flex c_flex__wrap\">\n                                                            <div class=\"c_certificates__list__row\" data-gsap-element=\"box\">\n                        <a href=\"https:\/\/taksim-pol.wwwclient.pl\/wp-content\/uploads\/2024\/08\/certyfikat_1.png\" data-lightbox=\"Galeria\" title=\"Galeria\" class=\"c_certificates__list__row--zoom\"><\/a>\n                        <img loading=\"lazy\" decoding=\"async\" width=\"328\" height=\"452\" src=\"https:\/\/taksim-pol.wwwclient.pl\/wp-content\/uploads\/2024\/08\/certyfikat_1.png\" class=\"attachment-full size-full\" alt=\"Certyfikat\" srcset=\"https:\/\/taksim-pol.wwwclient.pl\/wp-content\/uploads\/2024\/08\/certyfikat_1.png 328w, https:\/\/taksim-pol.wwwclient.pl\/wp-content\/uploads\/2024\/08\/certyfikat_1-218x300.png 218w\" sizes=\"auto, (max-width: 328px) 100vw, 328px\" \/><\/div>\n                                                                                <div class=\"c_certificates__list__row\" data-gsap-element=\"box\">\n                        <a href=\"https:\/\/taksim-pol.wwwclient.pl\/wp-content\/uploads\/2024\/08\/certyfikat_2.png\" data-lightbox=\"Galeria\" title=\"Galeria\" class=\"c_certificates__list__row--zoom\"><\/a>\n                        <img loading=\"lazy\" decoding=\"async\" width=\"328\" height=\"452\" src=\"https:\/\/taksim-pol.wwwclient.pl\/wp-content\/uploads\/2024\/08\/certyfikat_2.png\" class=\"attachment-full size-full\" alt=\"Certyfikat\" srcset=\"https:\/\/taksim-pol.wwwclient.pl\/wp-content\/uploads\/2024\/08\/certyfikat_2.png 328w, https:\/\/taksim-pol.wwwclient.pl\/wp-content\/uploads\/2024\/08\/certyfikat_2-218x300.png 218w\" sizes=\"auto, (max-width: 328px) 100vw, 328px\" \/><\/div>\n                                                                                <div class=\"c_certificates__list__row\" data-gsap-element=\"box\">\n                        <a href=\"https:\/\/taksim-pol.wwwclient.pl\/wp-content\/uploads\/2024\/08\/certyfikat_3.png\" data-lightbox=\"Galeria\" title=\"Galeria\" class=\"c_certificates__list__row--zoom\"><\/a>\n                        <img loading=\"lazy\" decoding=\"async\" width=\"656\" height=\"904\" src=\"https:\/\/taksim-pol.wwwclient.pl\/wp-content\/uploads\/2024\/08\/certyfikat_3.png\" class=\"attachment-full size-full\" alt=\"Certyfikat\" srcset=\"https:\/\/taksim-pol.wwwclient.pl\/wp-content\/uploads\/2024\/08\/certyfikat_3.png 656w, https:\/\/taksim-pol.wwwclient.pl\/wp-content\/uploads\/2024\/08\/certyfikat_3-218x300.png 218w\" sizes=\"auto, (max-width: 656px) 100vw, 656px\" \/><\/div>\n                                                                                <div class=\"c_certificates__list__row\" data-gsap-element=\"box\">\n                        <a href=\"https:\/\/taksim-pol.wwwclient.pl\/wp-content\/uploads\/2024\/08\/certyfikat_1.png\" data-lightbox=\"Galeria\" title=\"Galeria\" class=\"c_certificates__list__row--zoom\"><\/a>\n                        <img loading=\"lazy\" decoding=\"async\" width=\"328\" height=\"452\" src=\"https:\/\/taksim-pol.wwwclient.pl\/wp-content\/uploads\/2024\/08\/certyfikat_1.png\" class=\"attachment-full size-full\" alt=\"Certyfikat\" srcset=\"https:\/\/taksim-pol.wwwclient.pl\/wp-content\/uploads\/2024\/08\/certyfikat_1.png 328w, https:\/\/taksim-pol.wwwclient.pl\/wp-content\/uploads\/2024\/08\/certyfikat_1-218x300.png 218w\" sizes=\"auto, (max-width: 328px) 100vw, 328px\" \/><\/div>\n                                                                                <div class=\"c_certificates__list__row\" data-gsap-element=\"box\">\n                        <a href=\"https:\/\/taksim-pol.wwwclient.pl\/wp-content\/uploads\/2024\/08\/certyfikat_3.png\" data-lightbox=\"Galeria\" title=\"Galeria\" class=\"c_certificates__list__row--zoom\"><\/a>\n                        <img loading=\"lazy\" decoding=\"async\" width=\"656\" height=\"904\" src=\"https:\/\/taksim-pol.wwwclient.pl\/wp-content\/uploads\/2024\/08\/certyfikat_3.png\" class=\"attachment-full size-full\" alt=\"Certyfikat\" srcset=\"https:\/\/taksim-pol.wwwclient.pl\/wp-content\/uploads\/2024\/08\/certyfikat_3.png 656w, https:\/\/taksim-pol.wwwclient.pl\/wp-content\/uploads\/2024\/08\/certyfikat_3-218x300.png 218w\" sizes=\"auto, (max-width: 656px) 100vw, 656px\" \/><\/div>\n                                                                                <div class=\"c_certificates__list__row\" data-gsap-element=\"box\">\n                        <a href=\"https:\/\/taksim-pol.wwwclient.pl\/wp-content\/uploads\/2024\/08\/certyfikat_1.png\" data-lightbox=\"Galeria\" title=\"Galeria\" class=\"c_certificates__list__row--zoom\"><\/a>\n                        <img loading=\"lazy\" decoding=\"async\" width=\"328\" height=\"452\" src=\"https:\/\/taksim-pol.wwwclient.pl\/wp-content\/uploads\/2024\/08\/certyfikat_1.png\" class=\"attachment-full size-full\" alt=\"Certyfikat\" srcset=\"https:\/\/taksim-pol.wwwclient.pl\/wp-content\/uploads\/2024\/08\/certyfikat_1.png 328w, https:\/\/taksim-pol.wwwclient.pl\/wp-content\/uploads\/2024\/08\/certyfikat_1-218x300.png 218w\" sizes=\"auto, (max-width: 328px) 100vw, 328px\" \/><\/div>\n                                                                                <div class=\"c_certificates__list__row\" data-gsap-element=\"box\">\n                        <a href=\"https:\/\/taksim-pol.wwwclient.pl\/wp-content\/uploads\/2024\/08\/certyfikat_2.png\" data-lightbox=\"Galeria\" title=\"Galeria\" class=\"c_certificates__list__row--zoom\"><\/a>\n                        <img loading=\"lazy\" decoding=\"async\" width=\"328\" height=\"452\" src=\"https:\/\/taksim-pol.wwwclient.pl\/wp-content\/uploads\/2024\/08\/certyfikat_2.png\" class=\"attachment-full size-full\" alt=\"Certyfikat\" srcset=\"https:\/\/taksim-pol.wwwclient.pl\/wp-content\/uploads\/2024\/08\/certyfikat_2.png 328w, https:\/\/taksim-pol.wwwclient.pl\/wp-content\/uploads\/2024\/08\/certyfikat_2-218x300.png 218w\" sizes=\"auto, (max-width: 328px) 100vw, 328px\" \/><\/div>\n                                                                                <div class=\"c_certificates__list__row\" data-gsap-element=\"box\">\n                        <a href=\"https:\/\/taksim-pol.wwwclient.pl\/wp-content\/uploads\/2024\/08\/certyfikat_1.png\" data-lightbox=\"Galeria\" title=\"Galeria\" class=\"c_certificates__list__row--zoom\"><\/a>\n                        <img loading=\"lazy\" decoding=\"async\" width=\"328\" height=\"452\" src=\"https:\/\/taksim-pol.wwwclient.pl\/wp-content\/uploads\/2024\/08\/certyfikat_1.png\" class=\"attachment-full size-full\" alt=\"Certyfikat\" srcset=\"https:\/\/taksim-pol.wwwclient.pl\/wp-content\/uploads\/2024\/08\/certyfikat_1.png 328w, https:\/\/taksim-pol.wwwclient.pl\/wp-content\/uploads\/2024\/08\/certyfikat_1-218x300.png 218w\" sizes=\"auto, (max-width: 328px) 100vw, 328px\" \/><\/div>\n                                                <\/div>\n            <\/div>\n<\/section>\n\n<section id=\"c_free-quote\" class=\"c_background--primary-0 c_padding--40px\" data-gsap-anim=\"section\">\n    <div class=\"container c_flex c_flex__center c_flex__center-between\">\n        <div class=\"c_free-quote__content\">\n            <h3 class=\"c_margin--0px c_margin--8px--bottom c_heading--h2 c_color--color-700\" data-gsap-element=\"heading\">Bezp\u0142atna wycena<\/h3>                        <div class=\"c_free-quote__content--text c_color--color-700 c_weight--600 c_size--15\" data-gsap-element=\"text\">\n                <p class=\"c_margin--0px\">Wype\u0142nij formularz kontaktowy, skontaktujemy si\u0119 z&nbsp;Tob\u0105<br \/>\r\ni wycenimy us\u0142ug\u0119 za&nbsp;DARMO.<\/p>\n            <\/div>\n                    <\/div>\n                    <div class=\"c_free-quote__btn\">\n                <a href=\"https:\/\/taksim-pol.wwwclient.pl\/en\/contact\/\" class=\"c_btn c_btn__secondary-x2 c_btn__arrow c_btn__arrow--right\" data-gsap-element=\"button\" title=\"PRZEJD\u0179 DO FORMULARZA\">PRZEJD\u0179 DO FORMULARZA<\/a>\n            <\/div>\n            <\/div>\n<\/section>\n\n","protected":false},"excerpt":{"rendered":"","protected":false},"author":1,"featured_media":0,"parent":0,"menu_order":0,"comment_status":"closed","ping_status":"closed","template":"","meta":{"inline_featured_image":false,"footnotes":""},"class_list":["post-549","page","type-page","status-publish","hentry"],"acf":[],"_links":{"self":[{"href":"https:\/\/taksim-pol.wwwclient.pl\/en\/wp-json\/wp\/v2\/pages\/549","targetHints":{"allow":["GET"]}}],"collection":[{"href":"https:\/\/taksim-pol.wwwclient.pl\/en\/wp-json\/wp\/v2\/pages"}],"about":[{"href":"https:\/\/taksim-pol.wwwclient.pl\/en\/wp-json\/wp\/v2\/types\/page"}],"author":[{"embeddable":true,"href":"https:\/\/taksim-pol.wwwclient.pl\/en\/wp-json\/wp\/v2\/users\/1"}],"replies":[{"embeddable":true,"href":"https:\/\/taksim-pol.wwwclient.pl\/en\/wp-json\/wp\/v2\/comments?post=549"}],"version-history":[{"count":1,"href":"https:\/\/taksim-pol.wwwclient.pl\/en\/wp-json\/wp\/v2\/pages\/549\/revisions"}],"predecessor-version":[{"id":550,"href":"https:\/\/taksim-pol.wwwclient.pl\/en\/wp-json\/wp\/v2\/pages\/549\/revisions\/550"}],"wp:attachment":[{"href":"https:\/\/taksim-pol.wwwclient.pl\/en\/wp-json\/wp\/v2\/media?parent=549"}],"curies":[{"name":"wp","href":"https:\/\/api.w.org\/{rel}","templated":true}]}}