{"id":553,"date":"2024-08-22T07:51:44","date_gmt":"2024-08-22T05:51:44","guid":{"rendered":"https:\/\/taksim-pol.wwwclient.pl\/contact\/"},"modified":"2024-08-29T11:13:50","modified_gmt":"2024-08-29T09:13:50","slug":"contact","status":"publish","type":"page","link":"https:\/\/taksim-pol.wwwclient.pl\/en\/contact\/","title":{"rendered":"Contact"},"content":{"rendered":"<section id=\"c_hero-page\" data-gsap-anim=\"section\">\n    <div class=\"container\">\n        <h1 class=\"c_color--white c_margin--0px\" data-gsap-element=\"heading\">Kontakt<\/h1>    <\/div>\n    <img loading=\"lazy\" decoding=\"async\" width=\"1920\" height=\"248\" src=\"https:\/\/taksim-pol.wwwclient.pl\/wp-content\/uploads\/2024\/08\/bg-hero-kontakt.png\" class=\"c_hero-page--background\" alt=\"T\u0142o\" srcset=\"https:\/\/taksim-pol.wwwclient.pl\/wp-content\/uploads\/2024\/08\/bg-hero-kontakt.png 1920w, https:\/\/taksim-pol.wwwclient.pl\/wp-content\/uploads\/2024\/08\/bg-hero-kontakt-300x39.png 300w, https:\/\/taksim-pol.wwwclient.pl\/wp-content\/uploads\/2024\/08\/bg-hero-kontakt-1024x132.png 1024w, https:\/\/taksim-pol.wwwclient.pl\/wp-content\/uploads\/2024\/08\/bg-hero-kontakt-768x99.png 768w, https:\/\/taksim-pol.wwwclient.pl\/wp-content\/uploads\/2024\/08\/bg-hero-kontakt-1536x198.png 1536w, https:\/\/taksim-pol.wwwclient.pl\/wp-content\/uploads\/2024\/08\/bg-hero-kontakt-1200x155.png 1200w\" sizes=\"auto, (max-width: 1920px) 100vw, 1920px\" \/><\/section>\n\n\n\n<section id=\"c_contact\" class=\"c_margin--110px\" data-gsap-anim=\"section\">\n    <div class=\"container c_flex c_flex__start c_flex__start-between\">\n                    <div class=\"c_contact__photo\"  data-gsap-element=\"image\">\n                <img loading=\"lazy\" decoding=\"async\" width=\"651\" height=\"733\" src=\"https:\/\/taksim-pol.wwwclient.pl\/wp-content\/uploads\/2024\/08\/photo_kontakt.png\" class=\"attachment-full size-full\" alt=\"Zdjecie\" srcset=\"https:\/\/taksim-pol.wwwclient.pl\/wp-content\/uploads\/2024\/08\/photo_kontakt.png 651w, https:\/\/taksim-pol.wwwclient.pl\/wp-content\/uploads\/2024\/08\/photo_kontakt-266x300.png 266w\" sizes=\"auto, (max-width: 651px) 100vw, 651px\" \/>            <\/div>\n        \n        <div class=\"c_contact__content c_flex c_flex__column\">\n            <div class=\"c_contact__content__row box-info\">\n                <h2 class=\"c_contact__content__row--title c_size--21 c_color--color-700 c_margin--0px c_margin--19px--bottom\" data-gsap-element=\"heading\">Dane kontaktowe<\/h2>                                    <div class=\"c_contact__content__row--text c_size--15 c_flex c_flex__center\" data-gsap-element=\"text\">\n                        <div class=\"c_contact__content__row--text--icon\"><\/div>\n                        TAKSIM-POL &#8211; Agencja Celna \/ Magazyn Celny\u2028Warszawa, Gdynia, Mszczon\u00f3w, Marki, Nowy Konik, Pruszk\u00f3w                    <\/div>\n                            <\/div>\n\n                            <div class=\"c_contact__content__row box-contact\">\n                    <h2 class=\"c_contact__content__row--title c_size--21 c_color--color-700 c_margin--0px c_margin--19px--bottom\" data-gsap-element=\"heading\">Centrala<\/h2>                    <div class=\"c_contact__content__row__contact c_flex c_flex__center c_flex__wrap\">\n                                                    <a href=\"tel:+48 22 679 31 88\" class=\"c_contact__content__row__contact--row\" data-gsap-element=\"text\">\n                                <div class=\"c_contact__content__row__contact--row--icon phone\"><\/div>\n                                <span>+48 22 679 31 88<\/span>\n                            <\/a>\n                                                                            <a href=\"mailto:taksim-pol@gmail.com\" class=\"c_contact__content__row__contact--row\" data-gsap-element=\"text\">\n                                <div class=\"c_contact__content__row__contact--row--icon email\"><\/div>\n                                <span>taksim-pol@gmail.com<\/span>\n                            <\/a>\n                                            <\/div>\n                <\/div>\n            \n            <div class=\"c_contact__content__separator\"><\/div>\n                                            <div class=\"c_contact__content__row box-branches\">\n                    <h3 class=\"c_contact__content__row--title c_color--color-700 c_margin--0px c_margin--19px--bottom\" data-gsap-element=\"heading\">Oddzia\u0142y<\/h3>                                            <div class=\"c_contact__content__row--text c_size--15\" data-gsap-element=\"text\">\n                            Kontakt do&nbsp;oddzia\u0142\u00f3w Agencji znajd\u0105 Pa\u0144stwo odpowiednio:                        <\/div>\n                                                                <ul class=\"c_contact__content__row__branches-l\">\n                                                            <li><a href=\"https:\/\/taksim-pol.wwwclient.pl\/en\/oddzia\u0142y\/ward-7\/\" title=\"Ward 7\" data-gsap-element=\"text\">Ward 7<\/a><\/li>\n                                                            <li><a href=\"https:\/\/taksim-pol.wwwclient.pl\/en\/oddzia\u0142y\/pruszkow\/\" title=\"Pruszk\u00f3w\" data-gsap-element=\"text\">Pruszk\u00f3w<\/a><\/li>\n                                                            <li><a href=\"https:\/\/taksim-pol.wwwclient.pl\/en\/oddzia\u0142y\/nowy-konik\/\" title=\"Nowy Konik\" data-gsap-element=\"text\">Nowy Konik<\/a><\/li>\n                                                            <li><a href=\"https:\/\/taksim-pol.wwwclient.pl\/en\/oddzia\u0142y\/ward-8\/\" title=\"Ward 8\" data-gsap-element=\"text\">Ward 8<\/a><\/li>\n                                                            <li><a href=\"https:\/\/taksim-pol.wwwclient.pl\/en\/oddzia\u0142y\/brands\/\" title=\"Marki\" data-gsap-element=\"text\">Marki<\/a><\/li>\n                                                            <li><a href=\"https:\/\/taksim-pol.wwwclient.pl\/en\/oddzia\u0142y\/mszczonow\/\" title=\"Mszczon\u00f3w\" data-gsap-element=\"text\">Mszczon\u00f3w<\/a><\/li>\n                                                            <li><a href=\"https:\/\/taksim-pol.wwwclient.pl\/en\/oddzia\u0142y\/gdynia\/\" title=\"Gdynia\" data-gsap-element=\"text\">Gdynia<\/a><\/li>\n                                                            <li><a href=\"https:\/\/taksim-pol.wwwclient.pl\/en\/oddzia\u0142y\/warsaw\/\" title=\"Warszawa\" data-gsap-element=\"text\">Warszawa<\/a><\/li>\n                                                    <\/ul>\n                                    <\/div>\n            \n                            <div class=\"c_contact__content__row box-personal\">\n                    <h3 class=\"c_contact__content__row--title c_color--color-700 c_margin--0px c_margin--19px--bottom\" data-gsap-element=\"heading\">Dane osobowe<\/h3>                                            <div class=\"c_contact__content__row--text c_size--15\" data-gsap-element=\"text\">\n                            <p>Administratorem danych osobowych jest Taksim-Pol sp. z&nbsp;o.o. z&nbsp;siedzib\u0105 w&nbsp;Warszawie. Pe\u0142na tre\u015b\u0107 informacji dotycz\u0105cej przetwarzania danych osobowych oraz&nbsp;praw os\u00f3b, kt\u00f3rych&nbsp;dane s\u0105&nbsp;przetwarzane, dost\u0119pna jest pod&nbsp;adresem\u00a0http:\/\/taksim-pol.com.pl\/do.htm<\/p>                        <\/div>\n                                    <\/div>\n                    <\/div>\n    <\/div>\n<\/section>\n\n\n\n\n            <section id=\"c_union-banner\" class=\"c_margin--100px\" data-gsap-anim=\"section\">\n            <div class=\"container c_flex c_flex__start c_flex__start-center\">\n                                    <div class=\"c_union-banner__row\" data-gsap-element=\"box\"><img loading=\"lazy\" decoding=\"async\" width=\"782\" height=\"404\" src=\"https:\/\/taksim-pol.wwwclient.pl\/wp-content\/uploads\/2024\/08\/unin-banner-1.png\" class=\"attachment-full size-full\" alt=\"Unijny\" srcset=\"https:\/\/taksim-pol.wwwclient.pl\/wp-content\/uploads\/2024\/08\/unin-banner-1.png 782w, https:\/\/taksim-pol.wwwclient.pl\/wp-content\/uploads\/2024\/08\/unin-banner-1-300x155.png 300w, https:\/\/taksim-pol.wwwclient.pl\/wp-content\/uploads\/2024\/08\/unin-banner-1-768x397.png 768w\" sizes=\"auto, (max-width: 782px) 100vw, 782px\" \/><\/div>                                    <div class=\"c_union-banner__row\" data-gsap-element=\"box\"><img loading=\"lazy\" decoding=\"async\" width=\"477\" height=\"404\" src=\"https:\/\/taksim-pol.wwwclient.pl\/wp-content\/uploads\/2024\/08\/unin-banner-2.png\" class=\"attachment-full size-full\" alt=\"Unijny\" srcset=\"https:\/\/taksim-pol.wwwclient.pl\/wp-content\/uploads\/2024\/08\/unin-banner-2.png 477w, https:\/\/taksim-pol.wwwclient.pl\/wp-content\/uploads\/2024\/08\/unin-banner-2-300x254.png 300w\" sizes=\"auto, (max-width: 477px) 100vw, 477px\" \/><\/div>                            <\/div>\n        <\/section>\n    \n\n<section id=\"c_free-quote\" class=\"c_background--primary-0 c_padding--40px\" data-gsap-anim=\"section\">\n    <div class=\"container c_flex c_flex__center c_flex__center-between\">\n        <div class=\"c_free-quote__content\">\n            <h3 class=\"c_margin--0px c_margin--8px--bottom c_heading--h2 c_color--color-700\" data-gsap-element=\"heading\">Bezp\u0142atna wycena<\/h3>                        <div class=\"c_free-quote__content--text c_color--color-700 c_weight--600 c_size--15\" data-gsap-element=\"text\">\n                <p class=\"c_margin--0px\">Wype\u0142nij formularz kontaktowy, skontaktujemy si\u0119 z&nbsp;Tob\u0105<br \/>\r\ni wycenimy us\u0142ug\u0119 za&nbsp;DARMO.<\/p>\n            <\/div>\n                    <\/div>\n                    <div class=\"c_free-quote__btn\">\n                <a href=\"https:\/\/taksim-pol.wwwclient.pl\/en\/contact\/\" class=\"c_btn c_btn__secondary-x2 c_btn__arrow c_btn__arrow--right\" data-gsap-element=\"button\" title=\"PRZEJD\u0179 DO FORMULARZA\">PRZEJD\u0179 DO FORMULARZA<\/a>\n            <\/div>\n            <\/div>\n<\/section>\n\n","protected":false},"excerpt":{"rendered":"","protected":false},"author":1,"featured_media":0,"parent":0,"menu_order":0,"comment_status":"closed","ping_status":"closed","template":"","meta":{"inline_featured_image":false,"footnotes":""},"class_list":["post-553","page","type-page","status-publish","hentry"],"acf":[],"_links":{"self":[{"href":"https:\/\/taksim-pol.wwwclient.pl\/en\/wp-json\/wp\/v2\/pages\/553","targetHints":{"allow":["GET"]}}],"collection":[{"href":"https:\/\/taksim-pol.wwwclient.pl\/en\/wp-json\/wp\/v2\/pages"}],"about":[{"href":"https:\/\/taksim-pol.wwwclient.pl\/en\/wp-json\/wp\/v2\/types\/page"}],"author":[{"embeddable":true,"href":"https:\/\/taksim-pol.wwwclient.pl\/en\/wp-json\/wp\/v2\/users\/1"}],"replies":[{"embeddable":true,"href":"https:\/\/taksim-pol.wwwclient.pl\/en\/wp-json\/wp\/v2\/comments?post=553"}],"version-history":[{"count":1,"href":"https:\/\/taksim-pol.wwwclient.pl\/en\/wp-json\/wp\/v2\/pages\/553\/revisions"}],"predecessor-version":[{"id":554,"href":"https:\/\/taksim-pol.wwwclient.pl\/en\/wp-json\/wp\/v2\/pages\/553\/revisions\/554"}],"wp:attachment":[{"href":"https:\/\/taksim-pol.wwwclient.pl\/en\/wp-json\/wp\/v2\/media?parent=553"}],"curies":[{"name":"wp","href":"https:\/\/api.w.org\/{rel}","templated":true}]}}