{"id":555,"date":"2024-08-22T07:51:06","date_gmt":"2024-08-22T05:51:06","guid":{"rendered":"https:\/\/taksim-pol.wwwclient.pl\/about-the-company\/"},"modified":"2024-08-29T10:51:54","modified_gmt":"2024-08-29T08:51:54","slug":"about-the-company","status":"publish","type":"page","link":"https:\/\/taksim-pol.wwwclient.pl\/en\/about-the-company\/","title":{"rendered":"About the company"},"content":{"rendered":"<section id=\"c_hero-page\" data-gsap-anim=\"section\">\n    <div class=\"container\">\n        <h1 class=\"c_color--white c_margin--0px\" data-gsap-element=\"heading\">O&nbsp;firmie<\/h1>    <\/div>\n    <img loading=\"lazy\" decoding=\"async\" width=\"1920\" height=\"248\" src=\"https:\/\/taksim-pol.wwwclient.pl\/wp-content\/uploads\/2024\/08\/bg-hero-onas.png\" class=\"c_hero-page--background\" alt=\"T\u0142o\" srcset=\"https:\/\/taksim-pol.wwwclient.pl\/wp-content\/uploads\/2024\/08\/bg-hero-onas.png 1920w, https:\/\/taksim-pol.wwwclient.pl\/wp-content\/uploads\/2024\/08\/bg-hero-onas-300x39.png 300w, https:\/\/taksim-pol.wwwclient.pl\/wp-content\/uploads\/2024\/08\/bg-hero-onas-1024x132.png 1024w, https:\/\/taksim-pol.wwwclient.pl\/wp-content\/uploads\/2024\/08\/bg-hero-onas-768x99.png 768w, https:\/\/taksim-pol.wwwclient.pl\/wp-content\/uploads\/2024\/08\/bg-hero-onas-1536x198.png 1536w, https:\/\/taksim-pol.wwwclient.pl\/wp-content\/uploads\/2024\/08\/bg-hero-onas-1200x155.png 1200w\" sizes=\"auto, (max-width: 1920px) 100vw, 1920px\" \/><\/section>\n\n\n\n<section id=\"c_about-company-page\" class=\"c_margin--120px c_margin--150px--bottom\" data-gsap-anim=\"section\">\n    <div class=\"container c_flex c_flex__start c_flex__start-between\">\n        <div class=\"c_about-company-page__left\" data-gsap-element=\"box\">\n            <div class=\"c_about-company-page__left__text c_size--15\" data-gsap-element=\"text\"><p>Jeste\u015bmy firm\u0105 dzia\u0142aj\u0105c\u0105 na&nbsp;rynku us\u0142ug celno-logistycznych od&nbsp;1993 roku. Od&nbsp;pocz\u0105tku nasz\u0105 dewiz\u0105 jest profesjonalizm, rzetelno\u015b\u0107 i&nbsp;uczciwo\u015b\u0107. Dzi\u0119ki przyj\u0119ciu tej&nbsp;filozofii oraz&nbsp;poprzez konsekwentn\u0105 realizacj\u0119 zamierzonych cel\u00f3w, jak r\u00f3wnie\u017c odpowiedni dob\u00f3r personelu, mo\u017cemy poszczyci\u0107 si\u0119 doskonale zorganizowanym, do\u015bwiadczonym i&nbsp;kompetentnym zespo\u0142em, kt\u00f3ry&nbsp;sprosta wszelkim wymaganim Klient\u00f3w.<\/p>\n<p>Naszym podstawowym zadaniem jest kompleksowe reprezentowanie interes\u00f3w Klienta przed&nbsp;organami celnymi w&nbsp;Polsce, w&nbsp;tym r\u00f3wnie\u017c doradztwo celne w&nbsp;zakresie obrotu towarowego z&nbsp;zagranic\u0105. Obs\u0142ugujemy du\u017ce podmioty gospodarcze, ma\u0142e rodzinne firmy, a&nbsp;tak\u017ce klient\u00f3w indywidualnych.<br \/>\nWykorzystuj\u0105c swoj\u0105 wiedz\u0119 oraz&nbsp;praktyk\u0119 zdobyt\u0105 przy wsp\u00f3\u0142pracy z&nbsp;administracj\u0105 celn\u0105 jak r\u00f3wnie\u017c podmiotami krajowymi i&nbsp;zagranicznymi, tworzymy wizerunek nowoczesnej firmy.<\/p>\n<p>Zadowolenie naszych klient\u00f3w, kt\u00f3rych&nbsp;obs\u0142ugujemy od&nbsp;wielu lat zach\u0119ca nas do&nbsp;dzia\u0142ania i&nbsp;szukania wsp\u00f3lnych nowych rozwi\u0105za\u0144 z&nbsp;zakresu obs\u0142ugi celnej i&nbsp;logistycznej.<\/p><\/div>            <div class=\"c_about-company-page__left__boxs c_flex c_flex__start c_flex__start-start c_flex__wrap\">\n                                    <div class=\"c_about-company-page__left__boxs__col branches\" data-gsap-element=\"box\">\n                        <div class=\"c_about-company-page__left__boxs__col_item\">\n                                                            <div class=\"c_about-company-page__left__boxs__col_item--icon\">\n                                    <span class=\"c_about-company-page__left__boxs__col_item--icon--num\">8<\/span>                                    <img loading=\"lazy\" decoding=\"async\" width=\"56\" height=\"50\" src=\"https:\/\/taksim-pol.wwwclient.pl\/wp-content\/uploads\/2024\/08\/ic-branches-icon.svg\" class=\"attachment-full size-full\" alt=\"Branches\" \/>                                <\/div>\n                                                        <p class=\"c_about-company-page__left__boxs__col_item--text\">ODDZIA\u0141\u00d3W <br \/>\r\nW POLSCE<\/p>                        <\/div>\n                    <\/div>\n                \n                                    <div class=\"c_about-company-page__left__boxs__col years\" data-gsap-element=\"box\">\n                        <div class=\"c_about-company-page__left__boxs__col_item\">\n                                                            <div class=\"c_about-company-page__left__boxs__col_item--icon\">\n                                    <span class=\"c_about-company-page__left__boxs__col_item--icon--num\">30<\/span>                                    <img loading=\"lazy\" decoding=\"async\" width=\"40\" height=\"48\" src=\"https:\/\/taksim-pol.wwwclient.pl\/wp-content\/uploads\/2024\/08\/ic-years-icon.svg\" class=\"attachment-full size-full\" alt=\"Lata\" \/>                                <\/div>\n                                                        <p class=\"c_about-company-page__left__boxs__col_item--text\">LAT <br \/>\r\nNA RYNKU<\/p>                        <\/div>\n                    <\/div>\n                            <\/div>\n        <\/div>\n        <div class=\"c_about-company-page__right\">\n            <div class=\"c_about-company-page__right__list c_flex c_flex__wrap c_flex__star c_flex__start-between\">\n                                                            <div class=\"c_advantages__item\" data-gsap-element=\"box\">\n                            <div class=\"c_advantages__item--icon c_flex c_flex__center c_flex__center-center\"><img loading=\"lazy\" decoding=\"async\" width=\"43\" height=\"54\" src=\"https:\/\/taksim-pol.wwwclient.pl\/wp-content\/uploads\/2024\/08\/ic-advantages-exp.svg\" class=\"attachment-full size-full\" alt=\"Do\u015bwiadczenie\" \/><\/div>                            <p class=\"c_advantages__item--text\">Do\u015bwiadczenie<\/p>                        <\/div>\n                                            <div class=\"c_advantages__item\" data-gsap-element=\"box\">\n                            <div class=\"c_advantages__item--icon c_flex c_flex__center c_flex__center-center\"><img loading=\"lazy\" decoding=\"async\" width=\"58\" height=\"58\" src=\"https:\/\/taksim-pol.wwwclient.pl\/wp-content\/uploads\/2024\/08\/ic-advantages-safe.svg\" class=\"attachment-full size-full\" alt=\"Bezpiecze\u0144stwo\" \/><\/div>                            <p class=\"c_advantages__item--text\">Bezpiecze\u0144stwo<\/p>                        <\/div>\n                                            <div class=\"c_advantages__item\" data-gsap-element=\"box\">\n                            <div class=\"c_advantages__item--icon c_flex c_flex__center c_flex__center-center\"><img loading=\"lazy\" decoding=\"async\" width=\"37\" height=\"48\" src=\"https:\/\/taksim-pol.wwwclient.pl\/wp-content\/uploads\/2024\/08\/ic-advantages-services.svg\" class=\"attachment-full size-full\" alt=\"Us\u0142ugi\" \/><\/div>                            <p class=\"c_advantages__item--text\">Kompleksowo\u015b\u0107 us\u0142ug<\/p>                        <\/div>\n                                            <div class=\"c_advantages__item\" data-gsap-element=\"box\">\n                            <div class=\"c_advantages__item--icon c_flex c_flex__center c_flex__center-center\"><img loading=\"lazy\" decoding=\"async\" width=\"64\" height=\"64\" src=\"https:\/\/taksim-pol.wwwclient.pl\/wp-content\/uploads\/2024\/08\/ic-advantages-fast.svg\" class=\"attachment-full size-full\" alt=\"Szybka\" \/><\/div>                            <p class=\"c_advantages__item--text\">Sprawna  i&nbsp;szybka obs\u0142uga<\/p>                        <\/div>\n                                            <div class=\"c_advantages__item\" data-gsap-element=\"box\">\n                            <div class=\"c_advantages__item--icon c_flex c_flex__center c_flex__center-center\"><img loading=\"lazy\" decoding=\"async\" width=\"40\" height=\"53\" src=\"https:\/\/taksim-pol.wwwclient.pl\/wp-content\/uploads\/2024\/08\/ic-advantages-localization.svg\" class=\"attachment-full size-full\" alt=\"Lokalizacja\" \/><\/div>                            <p class=\"c_advantages__item--text\">Lokalizacje  naszych oddzia\u0142\u00f3w<\/p>                        <\/div>\n                                                                                                <div class=\"c_advantages__button c_flex c_flex__center c_flex__center-center c_flex__column\"><a href=\"https:\/\/taksim-pol.wwwclient.pl\/certyfikaty\/\" class=\"c_btn c_btn__secondary-v c_btn__uppercase c_btn__arrow c_btn__arrow--right\" data-gsap-element=\"button\" title=\"Certyfikaty\">Certyfikaty<\/a><\/div>\n                                                <\/div>\n        <\/div>\n    <\/div>\n<\/section>\n\n<section id=\"c_map\" class=\"c_margin--120px\" data-gsap-anim=\"section\">\n    <div class=\"container\">\n        <h2 class=\"c_center c_margin--0px c_color--color-700\" data-gsap-element=\"heading\"><span>Jeste\u015bmy jednym <span class=\"c_color--primary-0\">z&nbsp;najbardziej do\u015bwiadczonych<\/span><br \/>\r\noperator\u00f3w celnych w&nbsp;Polsce.<\/span><\/h2>        <div class=\"c_map__photo c_center c_margin--60px--top c_flex c_flex__center c_flex__center-center\"><img loading=\"lazy\" decoding=\"async\" width=\"915\" height=\"498\" src=\"https:\/\/taksim-pol.wwwclient.pl\/wp-content\/uploads\/2024\/08\/map_operators.svg\" class=\"attachment-full size-full\" alt=\"Mapa\" data-gsap-element=\"image\" \/><\/div>                    <div class=\"c_map__certificates c_flex c_flex__wrap c_flex__center c_flex__center-center c_margin--110px--top\">\n                                    <div class=\"c_map__certificates--item\" data-gsap-element=\"box\"><img loading=\"lazy\" decoding=\"async\" width=\"186\" height=\"180\" src=\"https:\/\/taksim-pol.wwwclient.pl\/wp-content\/uploads\/2024\/08\/certyfikat-1.png\" class=\"attachment-full size-full\" alt=\"\" \/><\/div>\n                                    <div class=\"c_map__certificates--item\" data-gsap-element=\"box\"><img loading=\"lazy\" decoding=\"async\" width=\"196\" height=\"98\" src=\"https:\/\/taksim-pol.wwwclient.pl\/wp-content\/uploads\/2024\/08\/certyfikat-2.png\" class=\"attachment-full size-full\" alt=\"\" \/><\/div>\n                                    <div class=\"c_map__certificates--item\" data-gsap-element=\"box\"><img loading=\"lazy\" decoding=\"async\" width=\"184\" height=\"94\" src=\"https:\/\/taksim-pol.wwwclient.pl\/wp-content\/uploads\/2024\/08\/certyfikat-3.png\" class=\"attachment-full size-full\" alt=\"\" \/><\/div>\n                                    <div class=\"c_map__certificates--item\" data-gsap-element=\"box\"><img loading=\"lazy\" decoding=\"async\" width=\"132\" height=\"138\" src=\"https:\/\/taksim-pol.wwwclient.pl\/wp-content\/uploads\/2024\/08\/certyfikat-4.png\" class=\"attachment-full size-full\" alt=\"\" \/><\/div>\n                            <\/div>\n            <\/div>\n<\/section>\n\n<section id=\"c_timeline\" class=\"c_background--color-700 c_padding--88px c_margin--120px--top\" data-gsap-anim=\"section\">\n    <div class=\"container\">\n        <p class=\"c_timeline--title c_heading--sh2 c_color--color-200 c_color--white c_margin--0px c_margin--12px--bottom c_center\" data-gsap-element=\"heading\">TIMELINE<\/p>        <h2 class=\"c_timeline--subtitle c_center c_color--white c_line c_line--bottom\" data-gsap-element=\"heading\">Nasza historia<\/h2>        <div class=\"c_timeline--text c_center c_color--white c_padding--15--lr\" data-gsap-element=\"text\"><p>Nale\u017cymy do&nbsp;czo\u0142\u00f3wki najbardziej renomowanych agencji celnych w&nbsp;Polsce. Z&nbsp;prawie trzydziestoletnim sta\u017cem na&nbsp;rynku, dostarczamy naszym klientom najwy\u017cszej klasy do\u015bwiadczenie i&nbsp;profesjonalizm w&nbsp;zakresie odpraw celnych.<\/p><\/div>                    <div class=\"c_timeline__line\" data-gsap-element=\"box\">\n                <div class=\"swiper swiper-timeline\">\n                    <div class=\"swiper-wrapper\">\n                                                    <div class=\"swiper-slide\">\n                                <div class=\"c_timeline__item\">\n                                    <p class=\"c_timeline__item--years c_margin--0px\">1993r.<\/p>                                    <p class=\"c_timeline__item--title c_margin--0px\">Powstanie firmy<\/p>                                    <div class=\"c_timeline__item--line\"><\/div>\n                                    <p class=\"c_timeline__item--desc c_margin--0px\">Es&nbsp;un hecho establecido hace demasiado tiempo que un lector se&nbsp;distraer\u00e1 con el&nbsp;contenido del texto de&nbsp;u<\/p>                                <\/div>\n                            <\/div>\n                                                    <div class=\"swiper-slide\">\n                                <div class=\"c_timeline__item\">\n                                    <p class=\"c_timeline__item--years c_margin--0px\">1995r.<\/p>                                    <p class=\"c_timeline__item--title c_margin--0px\">Rozbudowa<\/p>                                    <div class=\"c_timeline__item--line\"><\/div>\n                                    <p class=\"c_timeline__item--desc c_margin--0px\">Lorem Ipsum&#8221; va a&nbsp;dar por resultado muchos sitios web que usan este texto<\/p>                                <\/div>\n                            <\/div>\n                                                    <div class=\"swiper-slide\">\n                                <div class=\"c_timeline__item\">\n                                    <p class=\"c_timeline__item--years c_margin--0px\">1998r.<\/p>                                    <p class=\"c_timeline__item--title c_margin--0px\">Otworzenie oddzia\u0142u w&nbsp;Warszawie<\/p>                                    <div class=\"c_timeline__item--line\"><\/div>\n                                    <p class=\"c_timeline__item--desc c_margin--0px\">Es&nbsp;un hecho establecido hace demasiado tiempo que un lector se&nbsp;distraer\u00e1 con el&nbsp;contenido del texto de&nbsp;u<\/p>                                <\/div>\n                            <\/div>\n                                                    <div class=\"swiper-slide\">\n                                <div class=\"c_timeline__item\">\n                                    <p class=\"c_timeline__item--years c_margin--0px\">1993r.<\/p>                                    <p class=\"c_timeline__item--title c_margin--0px\">Powstanie firmy<\/p>                                    <div class=\"c_timeline__item--line\"><\/div>\n                                    <p class=\"c_timeline__item--desc c_margin--0px\">Es&nbsp;un hecho establecido hace demasiado tiempo que un lector se&nbsp;distraer\u00e1 con el&nbsp;contenido del texto de&nbsp;u<\/p>                                <\/div>\n                            <\/div>\n                                                    <div class=\"swiper-slide\">\n                                <div class=\"c_timeline__item\">\n                                    <p class=\"c_timeline__item--years c_margin--0px\">2021r.<\/p>                                    <p class=\"c_timeline__item--title c_margin--0px\">Powstanie firmy<\/p>                                    <div class=\"c_timeline__item--line\"><\/div>\n                                    <p class=\"c_timeline__item--desc c_margin--0px\">Es&nbsp;un hecho establecido hace demasiado tiempo que un lector se&nbsp;distraer\u00e1 con el&nbsp;contenido del texto de&nbsp;u<\/p>                                <\/div>\n                            <\/div>\n                                                    <div class=\"swiper-slide\">\n                                <div class=\"c_timeline__item\">\n                                    <p class=\"c_timeline__item--years c_margin--0px\">2024r.<\/p>                                    <p class=\"c_timeline__item--title c_margin--0px\">Powstanie firmy<\/p>                                    <div class=\"c_timeline__item--line\"><\/div>\n                                    <p class=\"c_timeline__item--desc c_margin--0px\">Es&nbsp;un hecho establecido hace demasiado tiempo que un lector se&nbsp;distraer\u00e1 con el&nbsp;contenido del texto de&nbsp;u<\/p>                                <\/div>\n                            <\/div>\n                                            <\/div>\n                <\/div>\n            <\/div>\n            <div class=\"c_timeline__arrowline c_flex c_flex__center c_flex__center-center\">\n                <button type=\"button\" class=\"swiper-arrowline-button-prev\" data-gsap-element=\"button\"><\/button>\n                <button type=\"button\" class=\"swiper-arrowline-button-next\" data-gsap-element=\"button\"><\/button>\n            <\/div>\n            <\/div>\n<\/section>\n\n\n\n<section id=\"c_team\" class=\"c_margin--100px\" data-gsap-anim=\"section\">\n    <div class=\"container\">\n        <h2 class=\"c_center c_text--uppercase c_margin--0px c_color--color-700 c_line c_line--bottom\" data-gsap-element=\"heading\"><span>Nasz zesp\u00f3\u0142<\/span><\/h2>                    <div class=\"c_center c_padding--15--lr\" data-gsap-element=\"text\"><p>Lorem Ipsum\u00a0es simplemente el&nbsp;texto de&nbsp;relleno de&nbsp;las imprentas y&nbsp;archivos de&nbsp;texto. Lorem Ipsum ha&nbsp;sido el&nbsp;texto de&nbsp;relleno est\u00e1ndar de&nbsp;las industrias desde el&nbsp;a\u00f1o 1500, cuando un impresor (N. del T. persona que se&nbsp;dedica a&nbsp;la&nbsp;imprenta) desconocido us\u00f3 una galer\u00eda de&nbsp;textos y&nbsp;los mezcl\u00f3 de<\/p><\/div>\n                            <div class=\"c_team__list c_flex c_flex__wrap c_margin--40--top\">\n                                    <article class=\"c_team__list__item\" data-gsap-element=\"box\">\n                        <div class=\"c_team__list__item__photo\"><img loading=\"lazy\" decoding=\"async\" width=\"328\" height=\"364\" src=\"https:\/\/taksim-pol.wwwclient.pl\/wp-content\/uploads\/2024\/08\/avatar_marek.png\" class=\"attachment-full size-full\" alt=\"\" srcset=\"https:\/\/taksim-pol.wwwclient.pl\/wp-content\/uploads\/2024\/08\/avatar_marek.png 328w, https:\/\/taksim-pol.wwwclient.pl\/wp-content\/uploads\/2024\/08\/avatar_marek-270x300.png 270w\" sizes=\"auto, (max-width: 328px) 100vw, 328px\" \/><\/div>                        <div class=\"c_team__list__item__content\">\n                            <div class=\"c_team__list__item__content--icon\"><\/div>\n                            <p class=\"c_team__list__item__content--name c_margin--0px\">Marek Nowak<\/p>                            <p class=\"c_team__list__item__content--job c_margin--0px\">CEO<\/p>                        <\/div>\n                    <\/article>\n                                    <article class=\"c_team__list__item\" data-gsap-element=\"box\">\n                        <div class=\"c_team__list__item__photo\"><img loading=\"lazy\" decoding=\"async\" width=\"328\" height=\"364\" src=\"https:\/\/taksim-pol.wwwclient.pl\/wp-content\/uploads\/2024\/08\/avatar_monika.png\" class=\"attachment-full size-full\" alt=\"\" srcset=\"https:\/\/taksim-pol.wwwclient.pl\/wp-content\/uploads\/2024\/08\/avatar_monika.png 328w, https:\/\/taksim-pol.wwwclient.pl\/wp-content\/uploads\/2024\/08\/avatar_monika-270x300.png 270w\" sizes=\"auto, (max-width: 328px) 100vw, 328px\" \/><\/div>                        <div class=\"c_team__list__item__content\">\n                            <div class=\"c_team__list__item__content--icon\"><\/div>\n                            <p class=\"c_team__list__item__content--name c_margin--0px\">Monika Cygan<\/p>                            <p class=\"c_team__list__item__content--job c_margin--0px\">Logistyka<\/p>                        <\/div>\n                    <\/article>\n                                    <article class=\"c_team__list__item\" data-gsap-element=\"box\">\n                        <div class=\"c_team__list__item__photo\"><img loading=\"lazy\" decoding=\"async\" width=\"328\" height=\"364\" src=\"https:\/\/taksim-pol.wwwclient.pl\/wp-content\/uploads\/2024\/08\/avatar_tomasz.png\" class=\"attachment-full size-full\" alt=\"\" srcset=\"https:\/\/taksim-pol.wwwclient.pl\/wp-content\/uploads\/2024\/08\/avatar_tomasz.png 328w, https:\/\/taksim-pol.wwwclient.pl\/wp-content\/uploads\/2024\/08\/avatar_tomasz-270x300.png 270w\" sizes=\"auto, (max-width: 328px) 100vw, 328px\" \/><\/div>                        <div class=\"c_team__list__item__content\">\n                            <div class=\"c_team__list__item__content--icon\"><\/div>\n                            <p class=\"c_team__list__item__content--name c_margin--0px\">Tomasz Adamek<\/p>                            <p class=\"c_team__list__item__content--job c_margin--0px\">Transport<\/p>                        <\/div>\n                    <\/article>\n                                    <article class=\"c_team__list__item\" data-gsap-element=\"box\">\n                        <div class=\"c_team__list__item__photo\"><img loading=\"lazy\" decoding=\"async\" width=\"328\" height=\"364\" src=\"https:\/\/taksim-pol.wwwclient.pl\/wp-content\/uploads\/2024\/08\/avatar_miroslawa.png\" class=\"attachment-full size-full\" alt=\"\" srcset=\"https:\/\/taksim-pol.wwwclient.pl\/wp-content\/uploads\/2024\/08\/avatar_miroslawa.png 328w, https:\/\/taksim-pol.wwwclient.pl\/wp-content\/uploads\/2024\/08\/avatar_miroslawa-270x300.png 270w\" sizes=\"auto, (max-width: 328px) 100vw, 328px\" \/><\/div>                        <div class=\"c_team__list__item__content\">\n                            <div class=\"c_team__list__item__content--icon\"><\/div>\n                            <p class=\"c_team__list__item__content--name c_margin--0px\">Miros\u0142aw Wojciechowski<\/p>                            <p class=\"c_team__list__item__content--job c_margin--0px\">Inne stanowisko<\/p>                        <\/div>\n                    <\/article>\n                            <\/div>\n            <\/div>\n<\/section>\n\n\n\n<section id=\"c_free-quote\" class=\"c_background--primary-0 c_padding--40px\" data-gsap-anim=\"section\">\n    <div class=\"container c_flex c_flex__center c_flex__center-between\">\n        <div class=\"c_free-quote__content\">\n            <h3 class=\"c_margin--0px c_margin--8px--bottom c_heading--h2 c_color--color-700\" data-gsap-element=\"heading\">Bezp\u0142atna wycena<\/h3>                        <div class=\"c_free-quote__content--text c_color--color-700 c_weight--600 c_size--15\" data-gsap-element=\"text\">\n                <p class=\"c_margin--0px\">Wype\u0142nij formularz kontaktowy, skontaktujemy si\u0119 z&nbsp;Tob\u0105<br \/>\r\ni wycenimy us\u0142ug\u0119 za&nbsp;DARMO.<\/p>\n            <\/div>\n                    <\/div>\n                    <div class=\"c_free-quote__btn\">\n                <a href=\"https:\/\/taksim-pol.wwwclient.pl\/en\/contact\/\" class=\"c_btn c_btn__secondary-x2 c_btn__arrow c_btn__arrow--right\" data-gsap-element=\"button\" title=\"PRZEJD\u0179 DO FORMULARZA\">PRZEJD\u0179 DO FORMULARZA<\/a>\n            <\/div>\n            <\/div>\n<\/section>\n\n","protected":false},"excerpt":{"rendered":"","protected":false},"author":1,"featured_media":0,"parent":0,"menu_order":0,"comment_status":"closed","ping_status":"closed","template":"","meta":{"inline_featured_image":false,"footnotes":""},"class_list":["post-555","page","type-page","status-publish","hentry"],"acf":[],"_links":{"self":[{"href":"https:\/\/taksim-pol.wwwclient.pl\/en\/wp-json\/wp\/v2\/pages\/555","targetHints":{"allow":["GET"]}}],"collection":[{"href":"https:\/\/taksim-pol.wwwclient.pl\/en\/wp-json\/wp\/v2\/pages"}],"about":[{"href":"https:\/\/taksim-pol.wwwclient.pl\/en\/wp-json\/wp\/v2\/types\/page"}],"author":[{"embeddable":true,"href":"https:\/\/taksim-pol.wwwclient.pl\/en\/wp-json\/wp\/v2\/users\/1"}],"replies":[{"embeddable":true,"href":"https:\/\/taksim-pol.wwwclient.pl\/en\/wp-json\/wp\/v2\/comments?post=555"}],"version-history":[{"count":1,"href":"https:\/\/taksim-pol.wwwclient.pl\/en\/wp-json\/wp\/v2\/pages\/555\/revisions"}],"predecessor-version":[{"id":556,"href":"https:\/\/taksim-pol.wwwclient.pl\/en\/wp-json\/wp\/v2\/pages\/555\/revisions\/556"}],"wp:attachment":[{"href":"https:\/\/taksim-pol.wwwclient.pl\/en\/wp-json\/wp\/v2\/media?parent=555"}],"curies":[{"name":"wp","href":"https:\/\/api.w.org\/{rel}","templated":true}]}}