{"id":564,"date":"2024-08-22T07:51:13","date_gmt":"2024-08-22T05:51:13","guid":{"rendered":"https:\/\/taksim-pol.wwwclient.pl\/services\/"},"modified":"2024-08-29T10:52:57","modified_gmt":"2024-08-29T08:52:57","slug":"services","status":"publish","type":"page","link":"https:\/\/taksim-pol.wwwclient.pl\/en\/services\/","title":{"rendered":"Services"},"content":{"rendered":"<section id=\"c_hero-page\" data-gsap-anim=\"section\">\n    <div class=\"container\">\n        <h1 class=\"c_color--white c_margin--0px\" data-gsap-element=\"heading\">Oferta<\/h1>    <\/div>\n    <img loading=\"lazy\" decoding=\"async\" width=\"1920\" height=\"248\" src=\"https:\/\/taksim-pol.wwwclient.pl\/wp-content\/uploads\/2024\/08\/bg-hero-oferta.png\" class=\"c_hero-page--background\" alt=\"T\u0142o\" srcset=\"https:\/\/taksim-pol.wwwclient.pl\/wp-content\/uploads\/2024\/08\/bg-hero-oferta.png 1920w, https:\/\/taksim-pol.wwwclient.pl\/wp-content\/uploads\/2024\/08\/bg-hero-oferta-300x39.png 300w, https:\/\/taksim-pol.wwwclient.pl\/wp-content\/uploads\/2024\/08\/bg-hero-oferta-1024x132.png 1024w, https:\/\/taksim-pol.wwwclient.pl\/wp-content\/uploads\/2024\/08\/bg-hero-oferta-768x99.png 768w, https:\/\/taksim-pol.wwwclient.pl\/wp-content\/uploads\/2024\/08\/bg-hero-oferta-1536x198.png 1536w, https:\/\/taksim-pol.wwwclient.pl\/wp-content\/uploads\/2024\/08\/bg-hero-oferta-1200x155.png 1200w\" sizes=\"auto, (max-width: 1920px) 100vw, 1920px\" \/><\/section>\n\n\n\n\n    <section id=\"c_service\" class=\"c_margin--80px\" data-gsap-anim=\"section\">\n        <div class=\"container\">\n                        <div class=\"c_service__list c_flex c_flex__wrap\">\n                                    <article class='c_service__item' data-gsap-element=\"box\">\n    <div class='c_service__item--photo'>\n        <a href=\"https:\/\/taksim-pol.wwwclient.pl\/en\/uslugi\/road-transport\/\" title=\"Road transport\" rel=\"nofollow\"><img loading=\"lazy\" decoding=\"async\" width=\"450\" height=\"299\" src=\"https:\/\/taksim-pol.wwwclient.pl\/wp-content\/uploads\/2024\/08\/bg-transport-ladowy.png\" class=\"attachment-post-thumbnail size-post-thumbnail wp-post-image\" alt=\"\" srcset=\"https:\/\/taksim-pol.wwwclient.pl\/wp-content\/uploads\/2024\/08\/bg-transport-ladowy.png 450w, https:\/\/taksim-pol.wwwclient.pl\/wp-content\/uploads\/2024\/08\/bg-transport-ladowy-300x199.png 300w\" sizes=\"auto, (max-width: 450px) 100vw, 450px\" \/><\/a>\n    <\/div>\n    <div class='c_service__item--content'>\n        <div class=\"c_service__item--content--icon\"><img loading=\"lazy\" decoding=\"async\" width=\"39\" height=\"21\" src=\"https:\/\/taksim-pol.wwwclient.pl\/wp-content\/uploads\/2024\/08\/ic-service-transport-ladowy.svg\" class=\"attachment-full size-full\" alt=\"\" \/><\/div>        <h3 class='c_service__item--content--title c_margin--11 c_color_blue-950'>\n            <a href=\"https:\/\/taksim-pol.wwwclient.pl\/en\/uslugi\/road-transport\/\" title=\"Road transport\">Road transport<\/a>\n            <a href=\"https:\/\/taksim-pol.wwwclient.pl\/en\/uslugi\/road-transport\/\" title=\"Road transport\" class=\"c_service__item--content--title--arrow\" rel=\"nofollow\"><\/a>\n        <\/h3>\n        <div class='c_service__item--content--text c_color_rock-900 c_margin--0'><p>Lorem Ipsum\u00a0es simplemente el&nbsp;texto de&nbsp;relleno de&nbsp;las imprentas y&nbsp;archivos de&nbsp;texto. Lorem Ipsum ha&nbsp;sido el&nbsp;texto de&nbsp;relleno est\u00e1ndar de&nbsp;las industrias.<\/p><\/div>    <\/div>\n<\/article>                                    <article class='c_service__item' data-gsap-element=\"box\">\n    <div class='c_service__item--photo'>\n        <a href=\"https:\/\/taksim-pol.wwwclient.pl\/en\/uslugi\/air-transport\/\" title=\"Air transport\" rel=\"nofollow\"><img loading=\"lazy\" decoding=\"async\" width=\"450\" height=\"299\" src=\"https:\/\/taksim-pol.wwwclient.pl\/wp-content\/uploads\/2024\/08\/bg-transport-lotniczy.png\" class=\"attachment-post-thumbnail size-post-thumbnail wp-post-image\" alt=\"\" srcset=\"https:\/\/taksim-pol.wwwclient.pl\/wp-content\/uploads\/2024\/08\/bg-transport-lotniczy.png 450w, https:\/\/taksim-pol.wwwclient.pl\/wp-content\/uploads\/2024\/08\/bg-transport-lotniczy-300x199.png 300w\" sizes=\"auto, (max-width: 450px) 100vw, 450px\" \/><\/a>\n    <\/div>\n    <div class='c_service__item--content'>\n        <div class=\"c_service__item--content--icon\"><img loading=\"lazy\" decoding=\"async\" width=\"38\" height=\"38\" src=\"https:\/\/taksim-pol.wwwclient.pl\/wp-content\/uploads\/2024\/08\/ic-service-transport-lotniczy.svg\" class=\"attachment-full size-full\" alt=\"\" \/><\/div>        <h3 class='c_service__item--content--title c_margin--11 c_color_blue-950'>\n            <a href=\"https:\/\/taksim-pol.wwwclient.pl\/en\/uslugi\/air-transport\/\" title=\"Air transport\">Air transport<\/a>\n            <a href=\"https:\/\/taksim-pol.wwwclient.pl\/en\/uslugi\/air-transport\/\" title=\"Air transport\" class=\"c_service__item--content--title--arrow\" rel=\"nofollow\"><\/a>\n        <\/h3>\n        <div class='c_service__item--content--text c_color_rock-900 c_margin--0'><p>Lorem Ipsum\u00a0es simplemente el&nbsp;texto de&nbsp;relleno de&nbsp;las imprentas y&nbsp;archivos de&nbsp;texto. Lorem Ipsum ha&nbsp;sido el&nbsp;texto de&nbsp;relleno est\u00e1ndar de&nbsp;las industrias.<\/p><\/div>    <\/div>\n<\/article>                                    <article class='c_service__item' data-gsap-element=\"box\">\n    <div class='c_service__item--photo'>\n        <a href=\"https:\/\/taksim-pol.wwwclient.pl\/en\/uslugi\/maritime-transport\/\" title=\"Maritime transport\" rel=\"nofollow\"><img loading=\"lazy\" decoding=\"async\" width=\"450\" height=\"299\" src=\"https:\/\/taksim-pol.wwwclient.pl\/wp-content\/uploads\/2024\/08\/bg-transport-morski.png\" class=\"attachment-post-thumbnail size-post-thumbnail wp-post-image\" alt=\"\" srcset=\"https:\/\/taksim-pol.wwwclient.pl\/wp-content\/uploads\/2024\/08\/bg-transport-morski.png 450w, https:\/\/taksim-pol.wwwclient.pl\/wp-content\/uploads\/2024\/08\/bg-transport-morski-300x199.png 300w\" sizes=\"auto, (max-width: 450px) 100vw, 450px\" \/><\/a>\n    <\/div>\n    <div class='c_service__item--content'>\n        <div class=\"c_service__item--content--icon\"><img loading=\"lazy\" decoding=\"async\" width=\"37\" height=\"37\" src=\"https:\/\/taksim-pol.wwwclient.pl\/wp-content\/uploads\/2024\/08\/ic-service-transport-morski.svg\" class=\"attachment-full size-full\" alt=\"\" \/><\/div>        <h3 class='c_service__item--content--title c_margin--11 c_color_blue-950'>\n            <a href=\"https:\/\/taksim-pol.wwwclient.pl\/en\/uslugi\/maritime-transport\/\" title=\"Maritime transport\">Maritime transport<\/a>\n            <a href=\"https:\/\/taksim-pol.wwwclient.pl\/en\/uslugi\/maritime-transport\/\" title=\"Maritime transport\" class=\"c_service__item--content--title--arrow\" rel=\"nofollow\"><\/a>\n        <\/h3>\n        <div class='c_service__item--content--text c_color_rock-900 c_margin--0'><p>Lorem Ipsum\u00a0es simplemente el&nbsp;texto de&nbsp;relleno de&nbsp;las imprentas y&nbsp;archivos de&nbsp;texto. Lorem Ipsum ha&nbsp;sido el&nbsp;texto de&nbsp;relleno est\u00e1ndar de&nbsp;las industrias.<\/p><\/div>    <\/div>\n<\/article>                                    <article class='c_service__item' data-gsap-element=\"box\">\n    <div class='c_service__item--photo'>\n        <a href=\"https:\/\/taksim-pol.wwwclient.pl\/en\/uslugi\/storage\/\" title=\"Storage\" rel=\"nofollow\"><img loading=\"lazy\" decoding=\"async\" width=\"450\" height=\"299\" src=\"https:\/\/taksim-pol.wwwclient.pl\/wp-content\/uploads\/2024\/08\/bg-magazynowanie.png\" class=\"attachment-post-thumbnail size-post-thumbnail wp-post-image\" alt=\"\" srcset=\"https:\/\/taksim-pol.wwwclient.pl\/wp-content\/uploads\/2024\/08\/bg-magazynowanie.png 450w, https:\/\/taksim-pol.wwwclient.pl\/wp-content\/uploads\/2024\/08\/bg-magazynowanie-300x199.png 300w\" sizes=\"auto, (max-width: 450px) 100vw, 450px\" \/><\/a>\n    <\/div>\n    <div class='c_service__item--content'>\n        <div class=\"c_service__item--content--icon\"><img loading=\"lazy\" decoding=\"async\" width=\"33\" height=\"34\" src=\"https:\/\/taksim-pol.wwwclient.pl\/wp-content\/uploads\/2024\/08\/ic-service-magazynowanie.svg\" class=\"attachment-full size-full\" alt=\"\" \/><\/div>        <h3 class='c_service__item--content--title c_margin--11 c_color_blue-950'>\n            <a href=\"https:\/\/taksim-pol.wwwclient.pl\/en\/uslugi\/storage\/\" title=\"Storage\">Storage<\/a>\n            <a href=\"https:\/\/taksim-pol.wwwclient.pl\/en\/uslugi\/storage\/\" title=\"Storage\" class=\"c_service__item--content--title--arrow\" rel=\"nofollow\"><\/a>\n        <\/h3>\n        <div class='c_service__item--content--text c_color_rock-900 c_margin--0'><p>Lorem Ipsum\u00a0es simplemente el&nbsp;texto de&nbsp;relleno de&nbsp;las imprentas y&nbsp;archivos de&nbsp;texto. Lorem Ipsum ha&nbsp;sido el&nbsp;texto de&nbsp;relleno est\u00e1ndar de&nbsp;las industrias.<\/p><\/div>    <\/div>\n<\/article>                                    <article class='c_service__item' data-gsap-element=\"box\">\n    <div class='c_service__item--photo'>\n        <a href=\"https:\/\/taksim-pol.wwwclient.pl\/en\/uslugi\/customs-agency\/\" title=\"Customs Agency\" rel=\"nofollow\"><img loading=\"lazy\" decoding=\"async\" width=\"450\" height=\"299\" src=\"https:\/\/taksim-pol.wwwclient.pl\/wp-content\/uploads\/2024\/08\/bg-agencja-celna.png\" class=\"attachment-post-thumbnail size-post-thumbnail wp-post-image\" alt=\"\" srcset=\"https:\/\/taksim-pol.wwwclient.pl\/wp-content\/uploads\/2024\/08\/bg-agencja-celna.png 450w, https:\/\/taksim-pol.wwwclient.pl\/wp-content\/uploads\/2024\/08\/bg-agencja-celna-300x199.png 300w\" sizes=\"auto, (max-width: 450px) 100vw, 450px\" \/><\/a>\n    <\/div>\n    <div class='c_service__item--content'>\n        <div class=\"c_service__item--content--icon\"><img loading=\"lazy\" decoding=\"async\" width=\"41\" height=\"35\" src=\"https:\/\/taksim-pol.wwwclient.pl\/wp-content\/uploads\/2024\/08\/ic-service-agencja-celna.svg\" class=\"attachment-full size-full\" alt=\"\" \/><\/div>        <h3 class='c_service__item--content--title c_margin--11 c_color_blue-950'>\n            <a href=\"https:\/\/taksim-pol.wwwclient.pl\/en\/uslugi\/customs-agency\/\" title=\"Customs Agency\">Customs Agency<\/a>\n            <a href=\"https:\/\/taksim-pol.wwwclient.pl\/en\/uslugi\/customs-agency\/\" title=\"Customs Agency\" class=\"c_service__item--content--title--arrow\" rel=\"nofollow\"><\/a>\n        <\/h3>\n        <div class='c_service__item--content--text c_color_rock-900 c_margin--0'><p>Lorem Ipsum\u00a0es simplemente el&nbsp;texto de&nbsp;relleno de&nbsp;las imprentas y&nbsp;archivos de&nbsp;texto. Lorem Ipsum ha&nbsp;sido el&nbsp;texto de&nbsp;relleno est\u00e1ndar de&nbsp;las industrias.<\/p><\/div>    <\/div>\n<\/article>                                <article class=\"c_ask\" data-gsap-element=\"box\">\n    <div class=\"c_ask__box\">\n        <div class=\"c_ask__box--icon\"><img loading=\"lazy\" decoding=\"async\" width=\"53\" height=\"47\" src=\"https:\/\/taksim-pol.wwwclient.pl\/wp-content\/uploads\/2024\/08\/icon-ask.svg\" class=\"attachment-full size-full\" alt=\"\" \/><\/div>        <h3 class=\"c_ask__box--title c_margin--0px c_heading--h2 c_color--white\">Zadaj nam pytanie<\/h3>                    <div class=\"c_ask__box--text c_color--white\">\n                <p>Jeste\u015b zainteresowany ofert\u0105 ?<br \/>\r\nNapisz do&nbsp;nas, a&nbsp;ch\u0119tnie odpowiedmy na&nbsp;pytania. Odpowiadamy w&nbsp;ci\u0105gu 24h<\/p>\n            <\/div>\n                <div class=\"c_ask__box--contact\">\n            <a href=\"tel:+48 22 679 31 88\" class=\"c_link c_link--phone\"><span>+48 22 679 31 88<\/span><\/a>            <a href=\"mailto:taksim-pol@gmail.com\" class=\"c_link c_link--email\"><span>taksim-pol@gmail.com<\/span><\/a>        <\/div>\n        <div class=\"c_ask__box--pages\">\n            <a href=\"https:\/\/taksim-pol.wwwclient.pl\/en\/contact\/\" class=\"c_link c_link-page c_link-page--contact\">FORMULARZ KONTAKTOWY<\/a>            <a href=\"https:\/\/taksim-pol.wwwclient.pl\/en\/branches\/\" class=\"c_link c_link-page c_link-page--branches\">NASZE ODDZIA\u0141Y W POLSCE<\/a>        <\/div>\n    <\/div>\n<\/article>            <\/div>\n        <\/div>\n    <\/section>\n\n\n<section id=\"c_free-quote\" class=\"c_background--primary-0 c_padding--40px\" data-gsap-anim=\"section\">\n    <div class=\"container c_flex c_flex__center c_flex__center-between\">\n        <div class=\"c_free-quote__content\">\n            <h3 class=\"c_margin--0px c_margin--8px--bottom c_heading--h2 c_color--color-700\" data-gsap-element=\"heading\">Bezp\u0142atna wycena<\/h3>                        <div class=\"c_free-quote__content--text c_color--color-700 c_weight--600 c_size--15\" data-gsap-element=\"text\">\n                <p class=\"c_margin--0px\">Wype\u0142nij formularz kontaktowy, skontaktujemy si\u0119 z&nbsp;Tob\u0105<br \/>\r\ni wycenimy us\u0142ug\u0119 za&nbsp;DARMO.<\/p>\n            <\/div>\n                    <\/div>\n                    <div class=\"c_free-quote__btn\">\n                <a href=\"https:\/\/taksim-pol.wwwclient.pl\/en\/contact\/\" class=\"c_btn c_btn__secondary-x2 c_btn__arrow c_btn__arrow--right\" data-gsap-element=\"button\" title=\"PRZEJD\u0179 DO FORMULARZA\">PRZEJD\u0179 DO FORMULARZA<\/a>\n            <\/div>\n            <\/div>\n<\/section>\n\n","protected":false},"excerpt":{"rendered":"","protected":false},"author":1,"featured_media":0,"parent":0,"menu_order":0,"comment_status":"closed","ping_status":"closed","template":"","meta":{"inline_featured_image":false,"footnotes":""},"class_list":["post-564","page","type-page","status-publish","hentry"],"acf":[],"_links":{"self":[{"href":"https:\/\/taksim-pol.wwwclient.pl\/en\/wp-json\/wp\/v2\/pages\/564","targetHints":{"allow":["GET"]}}],"collection":[{"href":"https:\/\/taksim-pol.wwwclient.pl\/en\/wp-json\/wp\/v2\/pages"}],"about":[{"href":"https:\/\/taksim-pol.wwwclient.pl\/en\/wp-json\/wp\/v2\/types\/page"}],"author":[{"embeddable":true,"href":"https:\/\/taksim-pol.wwwclient.pl\/en\/wp-json\/wp\/v2\/users\/1"}],"replies":[{"embeddable":true,"href":"https:\/\/taksim-pol.wwwclient.pl\/en\/wp-json\/wp\/v2\/comments?post=564"}],"version-history":[{"count":1,"href":"https:\/\/taksim-pol.wwwclient.pl\/en\/wp-json\/wp\/v2\/pages\/564\/revisions"}],"predecessor-version":[{"id":565,"href":"https:\/\/taksim-pol.wwwclient.pl\/en\/wp-json\/wp\/v2\/pages\/564\/revisions\/565"}],"wp:attachment":[{"href":"https:\/\/taksim-pol.wwwclient.pl\/en\/wp-json\/wp\/v2\/media?parent=564"}],"curies":[{"name":"wp","href":"https:\/\/api.w.org\/{rel}","templated":true}]}}